{"id":14,"date":"2018-11-27T12:06:00","date_gmt":"2018-11-27T12:06:00","guid":{"rendered":"http:\/\/ght-leipzig.de\/?page_id=14"},"modified":"2026-03-16T11:56:52","modified_gmt":"2026-03-16T11:56:52","slug":"profil","status":"publish","type":"page","link":"http:\/\/ght-leipzig.de\/?page_id=14","title":{"rendered":"Firmenprofil"},"content":{"rendered":"<div id=\"pl-14\"  class=\"panel-layout\" ><div id=\"pg-14-0\"  class=\"panel-grid panel-has-style\" ><div class=\"siteorigin-panels-stretch mob-pad-30 panel-row-style panel-row-style-for-14-0\" style=\"background-image: url(http:\/\/ght-leipzig.de\/wp-content\/uploads\/2019\/01\/Badausstattung.jpg);padding: 100px 0; \" data-stretch-type=\"full-stretched-padded\" data-hasbg=\"hasbg\" data-overlay=\"true\" data-overlay-color=\"#ffffff\" ><div id=\"pgc-14-0-0\"  class=\"panel-grid-cell\" ><div id=\"panel-14-0-0-0\" class=\"so-panel widget widget_black-studio-tinymce widget_black_studio_tinymce panel-first-child panel-last-child\" data-index=\"0\" ><div style=\"text-align: left;\" data-title-color=\"#142882\" data-headings-color=\"#142882\" class=\"panel-widget-style panel-widget-style-for-14-0-0-0\" ><div class=\"textwidget\"><h2><\/h2>\n<h2><\/h2>\n<p>&nbsp;<\/p>\n<h2 style=\"text-align: center;\">GHT Leipzig = Gottschald Haustechnik GmbH<\/h2>\n<\/div><\/div><\/div><\/div><\/div><\/div><div id=\"pg-14-1\"  class=\"panel-grid panel-has-style\" ><div class=\"siteorigin-panels-stretch mob-pad-30 panel-row-style panel-row-style-for-14-1\" style=\"padding: 100px 0; \" data-stretch-type=\"full-stretched-padded\" data-overlay-color=\"#000000\" ><div id=\"pgc-14-1-0\"  class=\"panel-grid-cell\" ><div id=\"panel-14-1-0-0\" class=\"so-panel widget widget_black-studio-tinymce widget_black_studio_tinymce panel-first-child panel-last-child\" data-index=\"1\" ><div style=\"text-align: left;\" data-title-color=\"#132a93\" data-headings-color=\"#1c52af\" class=\"panel-widget-style panel-widget-style-for-14-1-0-0\" ><div class=\"textwidget\"><h5 style=\"text-align: center;\"><\/h5>\n<h5 style=\"text-align: center;\"><strong>Das familiengef\u00fchrte Unternehmen wird von mir,<\/strong><\/h5>\n<h5 style=\"text-align: center;\"><strong>Ingo Gottschald <\/strong><strong>geleitet.<\/strong><\/h5>\n<h5 style=\"text-align: center;\"><strong>Ich bin Meister des Installations- und Heizungsbauerhandwerks.<\/strong><\/h5>\n<h5 style=\"text-align: center;\"><strong>Ich verf\u00fcge \u00fcber eine ca. 25 j\u00e4hrige Erfahrung in der Heizungs- und Sanit\u00e4rbranche. <\/strong><\/h5>\n<h5 style=\"text-align: center;\"><strong>Unser Unternehmen hat \u00a0einen festen Stamm von 8 Mitarbeitern. <\/strong><\/h5>\n<h5 style=\"text-align: center;\"><\/h5>\n<\/div><\/div><\/div><\/div><\/div><\/div><\/div>","protected":false},"excerpt":{"rendered":"<p>&nbsp; GHT Leipzig = Gottschald Haustechnik GmbH Das familiengef\u00fchrte Unternehmen wird von mir, Ingo Gottschald geleitet. Ich bin Meister des Installations- und Heizungsbauerhandwerks. Ich verf\u00fcge \u00fcber eine ca. 25 j\u00e4hrige Erfahrung in der Heizungs- und Sanit\u00e4rbranche. Unser Unternehmen hat \u00a0einen festen Stamm von 8 Mitarbeitern.<\/p>\n","protected":false},"author":1,"featured_media":0,"parent":0,"menu_order":0,"comment_status":"closed","ping_status":"closed","template":"page-templates\/page_front-page.php","meta":[],"_links":{"self":[{"href":"http:\/\/ght-leipzig.de\/index.php?rest_route=\/wp\/v2\/pages\/14"}],"collection":[{"href":"http:\/\/ght-leipzig.de\/index.php?rest_route=\/wp\/v2\/pages"}],"about":[{"href":"http:\/\/ght-leipzig.de\/index.php?rest_route=\/wp\/v2\/types\/page"}],"author":[{"embeddable":true,"href":"http:\/\/ght-leipzig.de\/index.php?rest_route=\/wp\/v2\/users\/1"}],"replies":[{"embeddable":true,"href":"http:\/\/ght-leipzig.de\/index.php?rest_route=%2Fwp%2Fv2%2Fcomments&post=14"}],"version-history":[{"count":46,"href":"http:\/\/ght-leipzig.de\/index.php?rest_route=\/wp\/v2\/pages\/14\/revisions"}],"predecessor-version":[{"id":394,"href":"http:\/\/ght-leipzig.de\/index.php?rest_route=\/wp\/v2\/pages\/14\/revisions\/394"}],"wp:attachment":[{"href":"http:\/\/ght-leipzig.de\/index.php?rest_route=%2Fwp%2Fv2%2Fmedia&parent=14"}],"curies":[{"name":"wp","href":"https:\/\/api.w.org\/{rel}","templated":true}]}}